{"id":19,"date":"2018-10-05T07:34:10","date_gmt":"2018-10-05T07:34:10","guid":{"rendered":"http:\/\/wheps.de\/?page_id=19"},"modified":"2018-10-05T09:37:41","modified_gmt":"2018-10-05T09:37:41","slug":"ueber-uns","status":"publish","type":"page","link":"https:\/\/www.wheps.de\/","title":{"rendered":"ISOBUS Landtechnik Kompetenz seit 17 Jahren"},"content":{"rendered":"<p>Wir bieten Beratung, Schulung und Projektunterst\u00fctzung bei der\u00a0Implementierung und Pflege von Software nach neuesten Sicherheitsrichtlinien im Bereich ISOBUS Landtechnik f\u00fcr Embedded Systeme.<\/p>\n<p>&nbsp;<\/p>\n<p>&nbsp;<\/p>\n<p>Diese Seite befindet sich derzeit im Aufbau.<\/p>\n<p>F\u00fcr weitere Informationen stehen wir Ihnen gerne zur Verf\u00fcgung und freuen uns auf ihre <a href=\"https:\/\/www.wheps.de\/?page_id=20\">Anfragen<\/a>.<\/p>\n<p>&nbsp;<\/p>\n","protected":false},"excerpt":{"rendered":"<p>Wir bieten Beratung, Schulung und Projektunterst\u00fctzung bei der\u00a0Implementierung und Pflege von Software nach neuesten Sicherheitsrichtlinien im Bereich ISOBUS Landtechnik f\u00fcr Embedded Systeme. &nbsp; &nbsp; Diese Seite befindet sich derzeit im Aufbau. F\u00fcr weitere Informationen stehen wir Ihnen gerne zur Verf\u00fcgung und freuen uns auf ihre Anfragen. &nbsp;<\/p>\n","protected":false},"author":1,"featured_media":0,"parent":0,"menu_order":0,"comment_status":"closed","ping_status":"closed","template":"","meta":{"footnotes":""},"class_list":["post-19","page","type-page","status-publish","hentry"],"_links":{"self":[{"href":"https:\/\/www.wheps.de\/index.php?rest_route=\/wp\/v2\/pages\/19","targetHints":{"allow":["GET"]}}],"collection":[{"href":"https:\/\/www.wheps.de\/index.php?rest_route=\/wp\/v2\/pages"}],"about":[{"href":"https:\/\/www.wheps.de\/index.php?rest_route=\/wp\/v2\/types\/page"}],"author":[{"embeddable":true,"href":"https:\/\/www.wheps.de\/index.php?rest_route=\/wp\/v2\/users\/1"}],"replies":[{"embeddable":true,"href":"https:\/\/www.wheps.de\/index.php?rest_route=%2Fwp%2Fv2%2Fcomments&post=19"}],"version-history":[{"count":5,"href":"https:\/\/www.wheps.de\/index.php?rest_route=\/wp\/v2\/pages\/19\/revisions"}],"predecessor-version":[{"id":50,"href":"https:\/\/www.wheps.de\/index.php?rest_route=\/wp\/v2\/pages\/19\/revisions\/50"}],"wp:attachment":[{"href":"https:\/\/www.wheps.de\/index.php?rest_route=%2Fwp%2Fv2%2Fmedia&parent=19"}],"curies":[{"name":"wp","href":"https:\/\/api.w.org\/{rel}","templated":true}]}}